{"id":12230,"date":"2024-05-12T22:47:37","date_gmt":"2024-05-12T20:47:37","guid":{"rendered":"https:\/\/olla.sportstechbrands.com\/?page_id=12230"},"modified":"2025-04-09T15:40:29","modified_gmt":"2025-04-09T13:40:29","slug":"contact","status":"publish","type":"page","link":"https:\/\/olla.berlin\/en\/contact\/","title":{"rendered":"CONTACT"},"content":{"rendered":"<div data-elementor-type=\"wp-page\" data-elementor-id=\"12230\" class=\"elementor elementor-12230\" data-elementor-post-type=\"page\">\n\t\t\t\t<div class=\"elementor-element elementor-element-b447942 e-con-full e-flex e-con e-parent\" data-id=\"b447942\" data-element_type=\"container\" data-e-type=\"container\">\n\t\t<div class=\"elementor-element elementor-element-d0b0cb0 e-con-full qodef-elementor-content-grid e-flex e-con e-child\" data-id=\"d0b0cb0\" data-element_type=\"container\" data-e-type=\"container\">\n\t\t\t\t<div class=\"elementor-element elementor-element-226e23b elementor-invisible elementor-widget elementor-widget-heading\" data-id=\"226e23b\" data-element_type=\"widget\" data-e-type=\"widget\" data-settings=\"{&quot;motion_fx_motion_fx_scrolling&quot;:&quot;yes&quot;,&quot;_animation&quot;:&quot;fadeIn&quot;,&quot;motion_fx_devices&quot;:[&quot;desktop&quot;,&quot;tablet&quot;,&quot;mobile&quot;]}\" data-widget_type=\"heading.default\">\n\t\t\t\t<div class=\"elementor-widget-container\">\n\t\t\t\t\t<h1 class=\"elementor-heading-title elementor-size-default\">Contact &amp; Reservations<\/h1>\t\t\t\t<\/div>\n\t\t\t\t<\/div>\n\t\t\t\t<\/div>\n\t\t<div class=\"elementor-element elementor-element-76b42d2 e-con-full e-flex e-con e-child\" data-id=\"76b42d2\" data-element_type=\"container\" data-e-type=\"container\">\n\t\t<div class=\"elementor-element elementor-element-0c545f2 e-con-full e-flex e-con e-child\" data-id=\"0c545f2\" data-element_type=\"container\" data-e-type=\"container\">\n\t\t\t\t<div class=\"elementor-element elementor-element-195640e elementor-widget elementor-widget-fidalgo_core_single_image\" data-id=\"195640e\" data-element_type=\"widget\" data-e-type=\"widget\" data-widget_type=\"fidalgo_core_single_image.default\">\n\t\t\t\t<div class=\"elementor-widget-container\">\n\t\t\t\t\t<div class=\"qodef-shortcode qodef-m  qodef-single-image qodef-layout--default      qodef--has-appear\" >\n\t\t\t<div class=\"qodef-m-image\">\n\t\t\t\t\t\t\t<a itemprop=\"url\" href=\"https:\/\/www.google.com\/maps\/place\/Olla+Berlin+-+Lounge+and+Grill\/@52.5222116,13.3989924,389m\/data=!3m1!1e3!4m6!3m5!1s0x47a851e753a13049:0xf9ca39edd0d4ca5b!8m2!3d52.5222334!4d13.3992169!16s%2Fg%2F11dxk_57k7?entry=ttu&#038;g_ep=EgoyMDI0MTAwMi4xIKXMDSoASAFQAw%3D%3D\" target=\"_self\" rel=\"noopener\">\n\t\t\t\t\t\t\t\t\t\t<img fetchpriority=\"high\" decoding=\"async\" width=\"819\" height=\"1091\" src=\"https:\/\/olla.berlin\/wp-content\/uploads\/maps-1-e1715547922211.jpg\" class=\"attachment-full size-full\" alt=\"\" srcset=\"https:\/\/olla.berlin\/wp-content\/uploads\/maps-1-e1715547922211.jpg 819w, https:\/\/olla.berlin\/wp-content\/uploads\/maps-1-e1715547922211-225x300.jpg 225w, https:\/\/olla.berlin\/wp-content\/uploads\/maps-1-e1715547922211-769x1024.jpg 769w, https:\/\/olla.berlin\/wp-content\/uploads\/maps-1-e1715547922211-768x1023.jpg 768w\" sizes=\"(max-width: 819px) 100vw, 819px\" \/>\t\t\t\t\t\t\t\t\t<\/a>\n\t\t\t\t\t<\/div>\n\t\t\t\t\t<\/div>\n\t\t\t\t<\/div>\n\t\t\t\t<\/div>\n\t\t\t\t<\/div>\n\t\t<div class=\"elementor-element elementor-element-50e71983 e-con-full e-flex e-con e-child\" data-id=\"50e71983\" data-element_type=\"container\" data-e-type=\"container\">\n\t\t\t\t<div class=\"elementor-element elementor-element-6cb21b86 elementor-widget__width-initial elementor-widget-mobile__width-inherit elementor-widget elementor-widget-fidalgo_core_video_holder\" data-id=\"6cb21b86\" data-element_type=\"widget\" data-e-type=\"widget\" data-widget_type=\"fidalgo_core_video_holder.default\">\n\t\t\t\t<div class=\"elementor-widget-container\">\n\t\t\t\t\t<div class=\"qodef-shortcode qodef-m  qodef-video-holder\">\n\t\n    <div class=\"qodef-m-video\">\n\t\t<div class=\"qodef-m-position-holder\">\n\t\t\t<img decoding=\"async\" src=\"https:\/\/olla.berlin\/wp-content\/uploads\/2021-09-23-e1715467161811.jpg\" alt=\"\">\n\t\t<\/div>\n        <video autoplay=\"autoplay\" loop=\"loop\" muted=\"muted\" playsinline=\"\"  poster=\"https:\/\/olla.berlin\/wp-content\/uploads\/2021-09-23-e1715467161811.jpg\">\n            <source src=\"https:\/\/olla.berlin\/wp-content\/uploads\/2023\/12\/pexels-pinaak-kumar-16730060-1080x1920-25fps-online-video-cutter.com-1.mp4\">\n        <\/video>\n    <\/div>\n\t\t<\/div>\t\t\t\t<\/div>\n\t\t\t\t<\/div>\n\t\t<div class=\"elementor-element elementor-element-2b72191 e-con-full e-flex e-con e-child\" data-id=\"2b72191\" data-element_type=\"container\" data-e-type=\"container\">\n\t\t<div class=\"elementor-element elementor-element-e3085aa e-con-full e-flex e-con e-child\" data-id=\"e3085aa\" data-element_type=\"container\" data-e-type=\"container\">\n\t\t\t\t<div class=\"elementor-element elementor-element-ed15213 elementor-widget elementor-widget-off-canvas\" data-id=\"ed15213\" data-element_type=\"widget\" data-e-type=\"widget\" data-widget_type=\"off-canvas.default\">\n\t\t\t\t<div class=\"elementor-widget-container\">\n\t\t\t\t\t\t\t<div id=\"off-canvas-ed15213\" class=\"e-off-canvas\" role=\"dialog\" aria-hidden=\"true\" aria-label=\"Off-Canvas\" aria-modal=\"true\" inert=\"\" data-delay-child-handlers=\"true\">\n\t\t\t<div class=\"e-off-canvas__overlay\"><\/div>\n\t\t\t<div class=\"e-off-canvas__main\">\n\t\t\t\t<div class=\"e-off-canvas__content\">\n\t\t\t\t\t<div class=\"elementor-element elementor-element-0ed3ba7 e-con-full e-flex e-con e-child\" data-id=\"0ed3ba7\" data-element_type=\"container\" data-e-type=\"container\">\n\t\t\t\t<div class=\"elementor-element elementor-element-bcf9561 elementor-widget elementor-widget-html\" data-id=\"bcf9561\" data-element_type=\"widget\" data-e-type=\"widget\" data-widget_type=\"html.default\">\n\t\t\t\t<div class=\"elementor-widget-container\">\n\t\t\t\t\t<iframe src=\"https:\/\/www.quandoo.de\/checkout-widget\/widget?aid=2&merchantId=4740\" style=\"border:0px #ffffff none;\" name=\"booking\" scrolling=\"no\" frameborder=\"1\" marginheight=\"0px\" marginwidth=\"0px\" height=\"1150px\" width=\"100%\" allowfullscreen><\/iframe>\t\t\t\t<\/div>\n\t\t\t\t<\/div>\n\t\t\t\t<\/div>\n\t\t\t\t\t\t<\/div>\n\t\t\t<\/div>\n\t\t<\/div>\n\t\t\t\t\t\t<\/div>\n\t\t\t\t<\/div>\n\t\t\t\t<\/div>\n\t\t<div class=\"elementor-element elementor-element-349ea2e e-con-full e-flex e-con e-child\" data-id=\"349ea2e\" data-element_type=\"container\" data-e-type=\"container\">\n\t\t\t\t<div class=\"elementor-element elementor-element-f83b77d animated-fast elementor-invisible elementor-widget elementor-widget-qi_addons_for_elementor_info_cards\" data-id=\"f83b77d\" data-element_type=\"widget\" data-e-type=\"widget\" data-settings=\"{&quot;_animation&quot;:&quot;fadeIn&quot;}\" data-widget_type=\"qi_addons_for_elementor_info_cards.default\">\n\t\t\t\t<div class=\"elementor-widget-container\">\n\t\t\t\t\t<div class=\"qodef-shortcode qodef-m qodef-qi-info-cards qodef-layout--top qodef-link-overlay qodef--\">\n\t\t<div class=\"qodef-m-content\">\n\t\t\t<h5 class=\"qodef-m-subtitle\">\n\t\tExample Subtitle\t<\/h5>\n\t\t\t<h2 class=\"qodef-m-title\">\n\t\t\t\t\t<a itemprop=\"url\" href=\"#elementor-action%3Aaction%3Doff_canvas%3Aopen%26settings%3DeyJpZCI6ImVkMTUyMTMiLCJkaXNwbGF5TW9kZSI6Im9wZW4ifQ%3D%3D\" target=\"_self\">\n\t\t\t\t\tReserve Table\t\t\t\t\t<\/a>\n\t\t\t<\/h2>\n\t\t\t<p class=\"qodef-m-text\">Please select your preferred time so we can have your table ready. We look forward to welcoming you!<\/p>\n\t<\/div>\n\t\t<div class=\"qodef-m-button qodef-qi-clear\">\n\t\t<a class=\"qodef-shortcode qodef-m qodef-qi-button qodef-html--link qodef-layout--filled qodef-type--standard qodef-icon--right qodef-hover--icon-move-horizontal-short\" href=\"#elementor-action%3Aaction%3Doff_canvas%3Aopen%26settings%3DeyJpZCI6ImVkMTUyMTMiLCJkaXNwbGF5TW9kZSI6Im9wZW4ifQ%3D%3D\" target=\"_self\">\t<span class=\"qodef-m-text\">Select Time &amp; Date<\/span>\t<\/a>\t<\/div>\n\t\t\t<a class=\"qodef-m-link\" href=\"#elementor-action%3Aaction%3Doff_canvas%3Aopen%26settings%3DeyJpZCI6ImVkMTUyMTMiLCJkaXNwbGF5TW9kZSI6Im9wZW4ifQ%3D%3D\" target=\"_self\"><\/a>\n\t<\/div>\n\t\t\t\t<\/div>\n\t\t\t\t<\/div>\n\t\t\t\t<\/div>\n\t\t\t\t<div class=\"elementor-element elementor-element-53671c3d elementor-widget elementor-widget-fidalgo_core_info_section\" data-id=\"53671c3d\" data-element_type=\"widget\" data-e-type=\"widget\" data-widget_type=\"fidalgo_core_info_section.default\">\n\t\t\t\t<div class=\"elementor-widget-container\">\n\t\t\t\t\t<div class=\"qodef-shortcode qodef-m  qodef-info-section qodef-layout--background-text  qodef-background-text-pos--top-left\">\n    <div class=\"qodef-m-info\">\n        <div class=\"qodef-m-title-holder\">\n                                <\/div>\n        <div class=\"qodef-m-text-holder\" >\n            <div class=\"qodef-m-text-info\">\n        <div class=\"qodef-m-text\" ><p><a href=\"mailto:reservierung@olla-orientlounge.de\">reservierung@olla-orientlounge.de<\/a><\/p><\/div>\n    <\/div>\n        <\/div>\n\t\t\t<\/div>\n<\/div>\t\t\t\t<\/div>\n\t\t\t\t<\/div>\n\t\t\t\t<div class=\"elementor-element elementor-element-5b828437 elementor-widget elementor-widget-fidalgo_core_info_section\" data-id=\"5b828437\" data-element_type=\"widget\" data-e-type=\"widget\" data-widget_type=\"fidalgo_core_info_section.default\">\n\t\t\t\t<div class=\"elementor-widget-container\">\n\t\t\t\t\t<div class=\"qodef-shortcode qodef-m  qodef-info-section qodef-layout--background-text  qodef-background-text-pos--top-left\">\n    <div class=\"qodef-m-info\">\n        <div class=\"qodef-m-title-holder\">\n                                <\/div>\n        <div class=\"qodef-m-text-holder\" >\n            <div class=\"qodef-m-text-info\">\n        <div class=\"qodef-m-text\" ><p>Olla Grill &amp; Orient Lounge<br \/>Stadtbahnbogen 154-155<br \/>Im James Simon Park<br \/>10178 Berlin<\/p><\/div>\n    <\/div>\n        <\/div>\n\t\t\t<\/div>\n<\/div>\t\t\t\t<\/div>\n\t\t\t\t<\/div>\n\t\t\t\t<\/div>\n\t\t\t\t<\/div>\n\t\t\t\t<\/div>\n\t\t<div class=\"elementor-element elementor-element-346b7965 e-con-full e-flex e-con e-child\" data-id=\"346b7965\" data-element_type=\"container\" data-e-type=\"container\">\n\t\t\t\t<div class=\"elementor-element elementor-element-5d939cda elementor-widget elementor-widget-text-editor\" data-id=\"5d939cda\" data-element_type=\"widget\" data-e-type=\"widget\" data-widget_type=\"text-editor.default\">\n\t\t\t\t<div class=\"elementor-widget-container\">\n\t\t\t\t\t\t\t\t\t<h2 style=\"text-align: center\">instagram<\/h2>\t\t\t\t\t\t\t\t<\/div>\n\t\t\t\t<\/div>\n\t\t\t\t<div class=\"elementor-element elementor-element-36ae3e03 elementor-widget elementor-widget-fidalgo_core_image_gallery\" data-id=\"36ae3e03\" data-element_type=\"widget\" data-e-type=\"widget\" data-widget_type=\"fidalgo_core_image_gallery.default\">\n\t\t\t\t<div class=\"elementor-widget-container\">\n\t\t\t\t\t<div class=\"qodef-shortcode qodef-m  qodef-image-gallery  qodef--zigzag   qodef-border-radius-predefined-none  qodef-align--center  qodef--has-hover qodef-grid qodef-layout--columns  qodef-gutter--no qodef-vertical-gutter--normal qodef-col-num--3    qodef-responsive--custom qodef-col-num--1512--3 qodef-col-num--1368--3 qodef-col-num--1200--3 qodef-col-num--1024--3 qodef-col-num--880--3 qodef-col-num--680--1\" >\n\t<div class=\"qodef-grid-inner\">\n\t\t<div class=\"qodef-e qodef-image-wrapper qodef--has-appear qodef-grid-item\">\n\t\t\t<a itemprop=\"url\" class=\"qodef-round-borders-wrapper\" href=\"https:\/\/www.instagram.com\/ollalounge\/\" target=\"_self\" rel=\"noopener\">\n\t\t\t<div class=\"qodef-round-borders-wrapper-inner\">\n\t\t\t<img decoding=\"async\" width=\"1080\" height=\"1080\" src=\"https:\/\/olla.berlin\/wp-content\/uploads\/324556778_1912741692394005_7222511852404843579_n.jpg\" class=\"attachment-full size-full\" alt=\"\" srcset=\"https:\/\/olla.berlin\/wp-content\/uploads\/324556778_1912741692394005_7222511852404843579_n.jpg 1080w, https:\/\/olla.berlin\/wp-content\/uploads\/324556778_1912741692394005_7222511852404843579_n-300x300.jpg 300w, https:\/\/olla.berlin\/wp-content\/uploads\/324556778_1912741692394005_7222511852404843579_n-1024x1024.jpg 1024w, https:\/\/olla.berlin\/wp-content\/uploads\/324556778_1912741692394005_7222511852404843579_n-150x150.jpg 150w, https:\/\/olla.berlin\/wp-content\/uploads\/324556778_1912741692394005_7222511852404843579_n-768x768.jpg 768w, https:\/\/olla.berlin\/wp-content\/uploads\/324556778_1912741692394005_7222511852404843579_n-650x650.jpg 650w\" sizes=\"(max-width: 1080px) 100vw, 1080px\" \/>\t\t<\/div>\n        \t\t\t<\/a>\n\t<\/div>\n<div class=\"qodef-e qodef-image-wrapper qodef--has-appear qodef-grid-item\">\n\t\t\t<a itemprop=\"url\" class=\"qodef-round-borders-wrapper\" href=\"https:\/\/www.instagram.com\/ollalounge\/\" target=\"_self\" rel=\"noopener\">\n\t\t\t<div class=\"qodef-round-borders-wrapper-inner\">\n\t\t\t<img decoding=\"async\" width=\"1080\" height=\"1080\" src=\"https:\/\/olla.berlin\/wp-content\/uploads\/316196143_514881550556193_1390318583145591876_n.jpg\" class=\"attachment-full size-full\" alt=\"\" srcset=\"https:\/\/olla.berlin\/wp-content\/uploads\/316196143_514881550556193_1390318583145591876_n.jpg 1080w, https:\/\/olla.berlin\/wp-content\/uploads\/316196143_514881550556193_1390318583145591876_n-300x300.jpg 300w, https:\/\/olla.berlin\/wp-content\/uploads\/316196143_514881550556193_1390318583145591876_n-1024x1024.jpg 1024w, https:\/\/olla.berlin\/wp-content\/uploads\/316196143_514881550556193_1390318583145591876_n-150x150.jpg 150w, https:\/\/olla.berlin\/wp-content\/uploads\/316196143_514881550556193_1390318583145591876_n-768x768.jpg 768w, https:\/\/olla.berlin\/wp-content\/uploads\/316196143_514881550556193_1390318583145591876_n-650x650.jpg 650w\" sizes=\"(max-width: 1080px) 100vw, 1080px\" \/>\t\t<\/div>\n        \t\t\t<\/a>\n\t<\/div>\n<div class=\"qodef-e qodef-image-wrapper qodef--has-appear qodef-grid-item\">\n\t\t\t<a itemprop=\"url\" class=\"qodef-round-borders-wrapper\" href=\"https:\/\/www.instagram.com\/ollalounge\/\" target=\"_self\" rel=\"noopener\">\n\t\t\t<div class=\"qodef-round-borders-wrapper-inner\">\n\t\t\t<img loading=\"lazy\" decoding=\"async\" width=\"1080\" height=\"1080\" src=\"https:\/\/olla.berlin\/wp-content\/uploads\/316999716_165827729470739_7092428892390423945_n.jpg\" class=\"attachment-full size-full\" alt=\"\" srcset=\"https:\/\/olla.berlin\/wp-content\/uploads\/316999716_165827729470739_7092428892390423945_n.jpg 1080w, https:\/\/olla.berlin\/wp-content\/uploads\/316999716_165827729470739_7092428892390423945_n-300x300.jpg 300w, https:\/\/olla.berlin\/wp-content\/uploads\/316999716_165827729470739_7092428892390423945_n-1024x1024.jpg 1024w, https:\/\/olla.berlin\/wp-content\/uploads\/316999716_165827729470739_7092428892390423945_n-150x150.jpg 150w, https:\/\/olla.berlin\/wp-content\/uploads\/316999716_165827729470739_7092428892390423945_n-768x768.jpg 768w, https:\/\/olla.berlin\/wp-content\/uploads\/316999716_165827729470739_7092428892390423945_n-650x650.jpg 650w\" sizes=\"(max-width: 1080px) 100vw, 1080px\" \/>\t\t<\/div>\n        \t\t\t<\/a>\n\t<\/div>\n\t<\/div>\n<\/div>\n\t\t\t\t<\/div>\n\t\t\t\t<\/div>\n\t\t\t\t<div class=\"elementor-element elementor-element-7507ef9a elementor-widget elementor-widget-text-editor\" data-id=\"7507ef9a\" data-element_type=\"widget\" data-e-type=\"widget\" data-widget_type=\"text-editor.default\">\n\t\t\t\t<div class=\"elementor-widget-container\">\n\t\t\t\t\t\t\t\t\t<h6 style=\"text-align: center\">Inspired by you, always_#OLLA<\/h6>\t\t\t\t\t\t\t\t<\/div>\n\t\t\t\t<\/div>\n\t\t\t\t<\/div>\n\t\t<div class=\"elementor-element elementor-element-43697b4c e-grid e-con-full e-con e-child\" data-id=\"43697b4c\" data-element_type=\"container\" data-e-type=\"container\">\n\t\t\t\t<div class=\"elementor-element elementor-element-6c5a62bd elementor-widget elementor-widget-text-editor\" data-id=\"6c5a62bd\" data-element_type=\"widget\" data-e-type=\"widget\" data-widget_type=\"text-editor.default\">\n\t\t\t\t<div class=\"elementor-widget-container\">\n\t\t\t\t\t\t\t\t\t<p><strong>Haftung f\u00fcr Inhalte<\/strong><\/p>\n<p>Die Inhalte unserer Seiten wurden mit gr\u00f6\u00dfter Sorgfalt erstellt. F\u00fcr die Richtigkeit, Vollst\u00e4ndigkeit und Aktualit\u00e4t der Inhalte k\u00f6nnen wir jedoch keine Gew\u00e4hr \u00fcbernehmen. Als Diensteanbieter sind wir gem\u00e4\u00df \u00a7 7 Abs.1 TMG f\u00fcr eigene Inhalte auf diesen Seiten nach den allgemeinen Gesetzen verantwortlich. Nach \u00a7\u00a7 8 bis 10 TMG sind wir als Diensteanbieter jedoch nicht verpflichtet, \u00fcbermittelte oder gespeicherte fremde Informationen zu \u00fcberwachen oder nach Umst\u00e4nden zu forschen, die auf eine rechtswidrige T\u00e4tigkeit hinweisen. Verpflichtungen zur Entfernung oder Sperrung der Nutzung von Informationen nach den allgemeinen Gesetzen bleiben hiervon unber\u00fchrt. Eine diesbez\u00fcgliche Haftung ist jedoch erst ab dem Zeitpunkt der Kenntnis einer konkreten Rechtsverletzung m\u00f6glich. Bei Bekanntwerden von entsprechenden Rechtsverletzungen werden wir diese Inhalte umgehend entfernen.<\/p>\n<p><strong>Haftung f\u00fcr Links<\/strong><\/p>\n<p>Unser Angebot enth\u00e4lt Links zu externen Webseiten Dritter, auf deren Inhalte wir keinen Einfluss haben. Deshalb k\u00f6nnen wir f\u00fcr diese fremden Inhalte auch keine Gew\u00e4hr \u00fcbernehmen. F\u00fcr die Inhalte der verlinkten Seiten ist stets der jeweilige Anbieter oder Betreiber der Seiten verantwortlich. Die verlinkten Seiten wurden zum Zeitpunkt der Verlinkung auf m\u00f6gliche Rechtsverst\u00f6\u00dfe \u00fcberpr\u00fcft. Rechtswidrige Inhalte waren zum Zeitpunkt der Verlinkung nicht erkennbar. Eine permanente inhaltliche Kontrolle der verlinkten Seiten ist jedoch ohne konkrete Anhaltspunkte einer Rechtsverletzung nicht zumutbar. Bei Bekanntwerden von Rechtsverletzungen werden wir derartige Links umgehend entfernen.<\/p>\t\t\t\t\t\t\t\t<\/div>\n\t\t\t\t<\/div>\n\t\t\t\t<div class=\"elementor-element elementor-element-d1f4c07 elementor-widget elementor-widget-text-editor\" data-id=\"d1f4c07\" data-element_type=\"widget\" data-e-type=\"widget\" data-widget_type=\"text-editor.default\">\n\t\t\t\t<div class=\"elementor-widget-container\">\n\t\t\t\t\t\t\t\t\t<p><strong style=\"color: var( --e-global-color-text ); text-align: var(--text-align);\">Urheberrecht<\/strong><\/p><p>Die durch die Seitenbetreiber erstellten Inhalte und Werke auf diesen Seiten unterliegen dem deutschen Urheberrecht. Die Vervielf\u00e4ltigung, Bearbeitung, Verbreitung und jede Art der Verwertung au\u00dferhalb der Grenzen des Urheberrechtes bed\u00fcrfen der schriftlichen Zustimmung des jeweiligen Autors bzw. Erstellers. Downloads und Kopien dieser Seite sind nur f\u00fcr den privaten, nicht kommerziellen Gebrauch gestattet. Soweit die Inhalte auf dieser Seite nicht vom Betreiber erstellt wurden, werden die Urheberrechte Dritter beachtet. Insbesondere werden Inhalte Dritter als solche gekennzeichnet. Sollten Sie trotzdem auf eine Urheberrechtsverletzung aufmerksam werden, bitten wir um einen entsprechenden Hinweis. Bei Bekanntwerden von Rechtsverletzungen werden wir derartige Inhalte umgehend entfernen.<\/p><p><strong>Datenschutz<\/strong><\/p><p>Die Nutzung unserer Webseite ist in der Regel ohne Angabe personenbezogener Daten m\u00f6glich. Soweit auf unseren Seiten personenbezogene Daten (beispielsweise Name, Anschrift oder E-Mail-Adressen) erhoben werden, erfolgt dies, soweit m\u00f6glich, stets auf freiwilliger Basis. Diese Daten werden ohne Ihre ausdr\u00fcckliche Zustimmung nicht an Dritte weitergegeben.<br \/>Wir weisen darauf hin, dass die Daten\u00fcbertragung im Internet (z.B. bei der Kommunikation per E-Mail) Sicherheitsl\u00fccken aufweisen kann. Ein l\u00fcckenloser Schutz der Daten vor dem Zugriff durch Dritte ist nicht m\u00f6glich. Der Nutzung von im Rahmen der Impressumspflicht ver\u00f6ffentlichten Kontaktdaten durch Dritte zur \u00dcbersendung von nicht ausdr\u00fccklich angeforderter Werbung und Informationsmaterialien wird hiermit ausdr\u00fccklich widersprochen. Die Betreiber der Seiten behalten sich ausdr\u00fccklich rechtliche Schritte im Falle der unverlangten Zusendung von Werbeinformationen, etwa durch Spam-Mails, vor.<\/p>\t\t\t\t\t\t\t\t<\/div>\n\t\t\t\t<\/div>\n\t\t\t\t<\/div>\n\t\t\t\t<div class=\"elementor-element elementor-element-31bfe5a4 elementor-widget__width-initial elementor-widget elementor-widget-text-editor\" data-id=\"31bfe5a4\" data-element_type=\"widget\" data-e-type=\"widget\" data-widget_type=\"text-editor.default\">\n\t\t\t\t<div class=\"elementor-widget-container\">\n\t\t\t\t\t\t\t\t\t<h6><span style=\"color: #6f6d6d; font-size: 12px;\">Impressum: Angaben gem\u00e4\u00df \u00a7 5 TMG: OLLA Orient GmbH, Monbijoupark S-B\u00f6gen 154-155, 10178 Berlin, Inh.: Ahmed Rawash, Registereintrag: HRB 155325 B (Berlin)<\/span><\/h6>\t\t\t\t\t\t\t\t<\/div>\n\t\t\t\t<\/div>\n\t\t\t\t<\/div>\n\t\t\t\t<\/div>","protected":false},"excerpt":{"rendered":"<p>Kontakt &amp; Reservierung Example Subtitle Reservieren Bitte w\u00e4hlen Sie Ihre gew\u00fcnschte Uhrzeit aus, damit wir Ihren Tisch f\u00fcr Sie vorbereiten k\u00f6nnen. Wir freuen uns darauf, Sie bei uns begr\u00fc\u00dfen zu d\u00fcrfen! reservierung@olla-orientlounge.de Olla Grill &amp; Orient LoungeStadtbahnbogen 154-155Im James Simon Park10178 Berlin instagram Inspired by you, always_#OLLA Haftung f\u00fcr Inhalte Die Inhalte unserer Seiten wurden [&hellip;]<\/p>","protected":false},"author":1,"featured_media":0,"parent":0,"menu_order":0,"comment_status":"closed","ping_status":"closed","template":"page-full-width.php","meta":{"footnotes":""},"class_list":["post-12230","page","type-page","status-publish","hentry"],"_links":{"self":[{"href":"https:\/\/olla.berlin\/en\/wp-json\/wp\/v2\/pages\/12230","targetHints":{"allow":["GET"]}}],"collection":[{"href":"https:\/\/olla.berlin\/en\/wp-json\/wp\/v2\/pages"}],"about":[{"href":"https:\/\/olla.berlin\/en\/wp-json\/wp\/v2\/types\/page"}],"author":[{"embeddable":true,"href":"https:\/\/olla.berlin\/en\/wp-json\/wp\/v2\/users\/1"}],"replies":[{"embeddable":true,"href":"https:\/\/olla.berlin\/en\/wp-json\/wp\/v2\/comments?post=12230"}],"version-history":[{"count":45,"href":"https:\/\/olla.berlin\/en\/wp-json\/wp\/v2\/pages\/12230\/revisions"}],"predecessor-version":[{"id":12869,"href":"https:\/\/olla.berlin\/en\/wp-json\/wp\/v2\/pages\/12230\/revisions\/12869"}],"wp:attachment":[{"href":"https:\/\/olla.berlin\/en\/wp-json\/wp\/v2\/media?parent=12230"}],"curies":[{"name":"wp","href":"https:\/\/api.w.org\/{rel}","templated":true}]}}